{"id":3,"date":"2025-05-03T12:40:59","date_gmt":"2025-05-03T12:40:59","guid":{"rendered":"https:\/\/thepolicycheck.com\/?page_id=3"},"modified":"2025-05-14T13:49:28","modified_gmt":"2025-05-14T13:49:28","slug":"privacy-policy","status":"publish","type":"page","link":"https:\/\/thepolicycheck.com\/es\/privacy-policy\/","title":{"rendered":"Pol\u00edtica de privacidad"},"content":{"rendered":"<div data-elementor-type=\"wp-page\" data-elementor-id=\"3\" class=\"elementor elementor-3\" data-elementor-post-type=\"page\">\n\t\t\t\t<div class=\"elementor-element elementor-element-194b6ac6 e-flex e-con-boxed e-con e-parent\" data-id=\"194b6ac6\" data-element_type=\"container\">\n\t\t\t\t\t<div class=\"e-con-inner\">\n\t\t\t\t<div class=\"elementor-element elementor-element-d694df7 elementor-widget elementor-widget-heading\" data-id=\"d694df7\" data-element_type=\"widget\" data-widget_type=\"heading.default\">\n\t\t\t\t<div class=\"elementor-widget-container\">\n\t\t\t\t\t<h1 class=\"elementor-heading-title elementor-size-default\">Pol\u00edtica de privacidad - ThePolicyCheck.com<\/h1>\t\t\t\t<\/div>\n\t\t\t\t<\/div>\n\t\t\t\t<div class=\"elementor-element elementor-element-af98757 elementor-widget elementor-widget-text-editor\" data-id=\"af98757\" data-element_type=\"widget\" data-widget_type=\"text-editor.default\">\n\t\t\t\t<div class=\"elementor-widget-container\">\n\t\t\t\t\t\t\t\t\t<p>En ThePolicyCheck.com, su privacidad y la protecci\u00f3n de sus datos tienen la m\u00e1xima prioridad. Esta pol\u00edtica describe c\u00f3mo recopilamos, utilizamos y protegemos la informaci\u00f3n personal que comparte con nosotros a trav\u00e9s de nuestra plataforma.<\/p>\t\t\t\t\t\t\t\t<\/div>\n\t\t\t\t<\/div>\n\t\t\t\t<div class=\"elementor-element elementor-element-a8c0f29 elementor-widget elementor-widget-heading\" data-id=\"a8c0f29\" data-element_type=\"widget\" data-widget_type=\"heading.default\">\n\t\t\t\t<div class=\"elementor-widget-container\">\n\t\t\t\t\t<h2 class=\"elementor-heading-title elementor-size-default\">1. Informaci\u00f3n que recopilamos<\/h2>\t\t\t\t<\/div>\n\t\t\t\t<\/div>\n\t\t\t\t<div class=\"elementor-element elementor-element-31e8065 elementor-widget elementor-widget-text-editor\" data-id=\"31e8065\" data-element_type=\"widget\" data-widget_type=\"text-editor.default\">\n\t\t\t\t<div class=\"elementor-widget-container\">\n\t\t\t\t\t\t\t\t\t<p class=\"\" data-start=\"457\" data-end=\"524\">Cuando utiliza nuestro sitio web, podemos recopilar la siguiente informaci\u00f3n:<\/p><ul data-start=\"526\" data-end=\"722\"><li class=\"\" data-start=\"526\" data-end=\"573\"><p class=\"\" data-start=\"528\" data-end=\"573\">Su nombre, direcci\u00f3n de correo electr\u00f3nico, direcci\u00f3n postal y n\u00famero de tel\u00e9fono.<\/p><\/li><li class=\"\" data-start=\"574\" data-end=\"610\"><p class=\"\" data-start=\"576\" data-end=\"610\">Una copia de su p\u00f3liza de seguro.<\/p><\/li><li class=\"\" data-start=\"611\" data-end=\"664\"><p class=\"\" data-start=\"613\" data-end=\"664\">Fotos o v\u00eddeos de los da\u00f1os sufridos por su propiedad.<\/p><\/li><li class=\"\" data-start=\"665\" data-end=\"722\"><p class=\"\" data-start=\"667\" data-end=\"722\">Cualquier comentario o detalle adicional que desee compartir.<\/p><\/li><\/ul>\t\t\t\t\t\t\t\t<\/div>\n\t\t\t\t<\/div>\n\t\t\t\t<div class=\"elementor-element elementor-element-35d1c8c elementor-widget elementor-widget-heading\" data-id=\"35d1c8c\" data-element_type=\"widget\" data-widget_type=\"heading.default\">\n\t\t\t\t<div class=\"elementor-widget-container\">\n\t\t\t\t\t<h2 class=\"elementor-heading-title elementor-size-default\">2. C\u00f3mo utilizamos su informaci\u00f3n<\/h2>\t\t\t\t<\/div>\n\t\t\t\t<\/div>\n\t\t\t\t<div class=\"elementor-element elementor-element-1767f51 elementor-widget elementor-widget-text-editor\" data-id=\"1767f51\" data-element_type=\"widget\" data-widget_type=\"text-editor.default\">\n\t\t\t\t<div class=\"elementor-widget-container\">\n\t\t\t\t\t\t\t\t\t<p class=\"\" data-start=\"769\" data-end=\"829\">Utilizamos su informaci\u00f3n estrictamente para los siguientes fines:<\/p><ul data-start=\"831\" data-end=\"1102\"><li class=\"\" data-start=\"831\" data-end=\"915\"><p class=\"\" data-start=\"833\" data-end=\"915\">Realizar un an\u00e1lisis preliminar de su p\u00f3liza de seguro y de los da\u00f1os declarados.<\/p><\/li><\/ul><p class=\"\" data-start=\"1104\" data-end=\"1207\"><strong data-start=\"1104\" data-end=\"1207\">No vendemos ni compartimos su informaci\u00f3n personal con terceros sin su consentimiento expl\u00edcito.<\/strong><\/p>\t\t\t\t\t\t\t\t<\/div>\n\t\t\t\t<\/div>\n\t\t\t\t<div class=\"elementor-element elementor-element-2beff81 elementor-widget elementor-widget-heading\" data-id=\"2beff81\" data-element_type=\"widget\" data-widget_type=\"heading.default\">\n\t\t\t\t<div class=\"elementor-widget-container\">\n\t\t\t\t\t<h2 class=\"elementor-heading-title elementor-size-default\">3. Seguridad de los datos<\/h2>\t\t\t\t<\/div>\n\t\t\t\t<\/div>\n\t\t\t\t<div class=\"elementor-element elementor-element-398a849 elementor-widget elementor-widget-text-editor\" data-id=\"398a849\" data-element_type=\"widget\" data-widget_type=\"text-editor.default\">\n\t\t\t\t<div class=\"elementor-widget-container\">\n\t\t\t\t\t\t\t\t\t<p class=\"\" data-start=\"769\" data-end=\"829\">Utilizamos medidas de seguridad f\u00edsicas, electr\u00f3nicas y administrativas para proteger sus datos personales contra el acceso no autorizado, la p\u00e9rdida o el uso indebido.<\/p>\t\t\t\t\t\t\t\t<\/div>\n\t\t\t\t<\/div>\n\t\t\t\t<div class=\"elementor-element elementor-element-7a38daa elementor-widget elementor-widget-heading\" data-id=\"7a38daa\" data-element_type=\"widget\" data-widget_type=\"heading.default\">\n\t\t\t\t<div class=\"elementor-widget-container\">\n\t\t\t\t\t<h2 class=\"elementor-heading-title elementor-size-default\">4. Almacenamiento de datos<\/h2>\t\t\t\t<\/div>\n\t\t\t\t<\/div>\n\t\t\t\t<div class=\"elementor-element elementor-element-56acaea elementor-widget elementor-widget-text-editor\" data-id=\"56acaea\" data-element_type=\"widget\" data-widget_type=\"text-editor.default\">\n\t\t\t\t<div class=\"elementor-widget-container\">\n\t\t\t\t\t\t\t\t\t<p class=\"\" data-start=\"769\" data-end=\"829\">Sus datos se almacenan de forma segura durante el tiempo necesario para prestar nuestros servicios. Puede solicitar la eliminaci\u00f3n de sus datos en cualquier momento.<\/p>\t\t\t\t\t\t\t\t<\/div>\n\t\t\t\t<\/div>\n\t\t\t\t<div class=\"elementor-element elementor-element-830ebaf elementor-widget elementor-widget-heading\" data-id=\"830ebaf\" data-element_type=\"widget\" data-widget_type=\"heading.default\">\n\t\t\t\t<div class=\"elementor-widget-container\">\n\t\t\t\t\t<h2 class=\"elementor-heading-title elementor-size-default\">5. Sus derechos<\/h2>\t\t\t\t<\/div>\n\t\t\t\t<\/div>\n\t\t\t\t<div class=\"elementor-element elementor-element-75e565e elementor-widget elementor-widget-text-editor\" data-id=\"75e565e\" data-element_type=\"widget\" data-widget_type=\"text-editor.default\">\n\t\t\t\t<div class=\"elementor-widget-container\">\n\t\t\t\t\t\t\t\t\t<p class=\"\" data-start=\"1570\" data-end=\"1592\">Tienes derecho a:<\/p>\n<ul data-start=\"1594\" data-end=\"1753\">\n<li class=\"\" data-start=\"1594\" data-end=\"1648\">\n<p class=\"\" data-start=\"1596\" data-end=\"1648\">Acceder a la informaci\u00f3n personal que tenemos sobre usted.<\/p>\n<\/li>\n<li class=\"\" data-start=\"1649\" data-end=\"1684\">\n<p class=\"\" data-start=\"1651\" data-end=\"1684\">Solicitar correcciones o actualizaciones.<\/p>\n<\/li>\n<li class=\"\" data-start=\"1685\" data-end=\"1716\">\n<p class=\"\" data-start=\"1687\" data-end=\"1716\">P\u00eddanos que borremos sus datos.<\/p>\n<\/li>\n<li class=\"\" data-start=\"1717\" data-end=\"1753\">\n<p class=\"\" data-start=\"1719\" data-end=\"1753\">Retirar su consentimiento en cualquier momento.<\/p>\n<\/li>\n<\/ul>\t\t\t\t\t\t\t\t<\/div>\n\t\t\t\t<\/div>\n\t\t\t\t<div class=\"elementor-element elementor-element-18d8b78 elementor-widget elementor-widget-heading\" data-id=\"18d8b78\" data-element_type=\"widget\" data-widget_type=\"heading.default\">\n\t\t\t\t<div class=\"elementor-widget-container\">\n\t\t\t\t\t<h2 class=\"elementor-heading-title elementor-size-default\">6. Consentimiento<\/h2>\t\t\t\t<\/div>\n\t\t\t\t<\/div>\n\t\t\t\t<div class=\"elementor-element elementor-element-047aba5 elementor-widget elementor-widget-text-editor\" data-id=\"047aba5\" data-element_type=\"widget\" data-widget_type=\"text-editor.default\">\n\t\t\t\t<div class=\"elementor-widget-container\">\n\t\t\t\t\t\t\t\t\t<p class=\"\" data-start=\"1570\" data-end=\"1592\">Al hacer clic en \"Aceptar\" o enviar su informaci\u00f3n a trav\u00e9s de nuestra plataforma, da su consentimiento para que ThePolicyCheck.com recopile, revise y procese sus datos exclusivamente para los fines descritos en esta pol\u00edtica.<\/p>\t\t\t\t\t\t\t\t<\/div>\n\t\t\t\t<\/div>\n\t\t\t\t\t<\/div>\n\t\t\t\t<\/div>\n\t\t\t\t<\/div>","protected":false},"excerpt":{"rendered":"<p>Pol\u00edtica de privacidad - ThePolicyCheck.com En ThePolicyCheck.com, su privacidad y la protecci\u00f3n de sus datos tienen la m\u00e1xima prioridad. Esta pol\u00edtica describe c\u00f3mo recopilamos, utilizamos y protegemos la informaci\u00f3n personal que comparte con nosotros a trav\u00e9s de nuestra plataforma. 1. Informaci\u00f3n que recopilamos Cuando utiliza nuestro sitio web, podemos recopilar la siguiente informaci\u00f3n: Su nombre, direcci\u00f3n de correo electr\u00f3nico, direcci\u00f3n de propiedad [...]<\/p>","protected":false},"author":1,"featured_media":0,"parent":0,"menu_order":0,"comment_status":"closed","ping_status":"open","template":"","meta":{"footnotes":""},"class_list":["post-3","page","type-page","status-publish","hentry"],"_links":{"self":[{"href":"https:\/\/thepolicycheck.com\/es\/wp-json\/wp\/v2\/pages\/3","targetHints":{"allow":["GET"]}}],"collection":[{"href":"https:\/\/thepolicycheck.com\/es\/wp-json\/wp\/v2\/pages"}],"about":[{"href":"https:\/\/thepolicycheck.com\/es\/wp-json\/wp\/v2\/types\/page"}],"author":[{"embeddable":true,"href":"https:\/\/thepolicycheck.com\/es\/wp-json\/wp\/v2\/users\/1"}],"replies":[{"embeddable":true,"href":"https:\/\/thepolicycheck.com\/es\/wp-json\/wp\/v2\/comments?post=3"}],"version-history":[{"count":10,"href":"https:\/\/thepolicycheck.com\/es\/wp-json\/wp\/v2\/pages\/3\/revisions"}],"predecessor-version":[{"id":290,"href":"https:\/\/thepolicycheck.com\/es\/wp-json\/wp\/v2\/pages\/3\/revisions\/290"}],"wp:attachment":[{"href":"https:\/\/thepolicycheck.com\/es\/wp-json\/wp\/v2\/media?parent=3"}],"curies":[{"name":"wp","href":"https:\/\/api.w.org\/{rel}","templated":true}]}}