{"id":117,"date":"2025-05-06T19:03:03","date_gmt":"2025-05-06T19:03:03","guid":{"rendered":"https:\/\/thepolicycheck.com\/?page_id=117"},"modified":"2025-05-14T13:40:08","modified_gmt":"2025-05-14T13:40:08","slug":"guidelines-of-the-application","status":"publish","type":"page","link":"https:\/\/thepolicycheck.com\/es\/guidelines-of-the-application\/","title":{"rendered":"Directrices de la aplicaci\u00f3n"},"content":{"rendered":"<div data-elementor-type=\"wp-page\" data-elementor-id=\"117\" class=\"elementor elementor-117\" data-elementor-post-type=\"page\">\n\t\t\t\t<div class=\"elementor-element elementor-element-2eb44fa e-flex e-con-boxed e-con e-parent\" data-id=\"2eb44fa\" data-element_type=\"container\">\n\t\t\t\t\t<div class=\"e-con-inner\">\n\t\t\t\t<div class=\"elementor-element elementor-element-f358a98 elementor-widget elementor-widget-menu-anchor\" data-id=\"f358a98\" data-element_type=\"widget\" data-widget_type=\"menu-anchor.default\">\n\t\t\t\t<div class=\"elementor-widget-container\">\n\t\t\t\t\t\t\t<div class=\"elementor-menu-anchor\" id=\"Policy\"><\/div>\n\t\t\t\t\t\t<\/div>\n\t\t\t\t<\/div>\n\t\t\t\t<div class=\"elementor-element elementor-element-1a5a6f1 elementor-widget elementor-widget-heading\" data-id=\"1a5a6f1\" data-element_type=\"widget\" data-widget_type=\"heading.default\">\n\t\t\t\t<div class=\"elementor-widget-container\">\n\t\t\t\t\t<h2 class=\"elementor-heading-title elementor-size-default\">P\u00f3liza de seguro<\/h2>\t\t\t\t<\/div>\n\t\t\t\t<\/div>\n\t\t\t\t<div class=\"elementor-element elementor-element-7faa954 elementor-widget elementor-widget-text-editor\" data-id=\"7faa954\" data-element_type=\"widget\" data-widget_type=\"text-editor.default\">\n\t\t\t\t<div class=\"elementor-widget-container\">\n\t\t\t\t\t\t\t\t\t<p>Nota: esta p\u00f3liza de seguro son ejemplos, usted debe cargar todas las p\u00e1ginas de su p\u00f3liza de seguro en archivo PDF o archivo de im\u00e1genes<\/p>\t\t\t\t\t\t\t\t<\/div>\n\t\t\t\t<\/div>\n\t\t\t\t<div class=\"elementor-element elementor-element-491ab7f elementor-widget elementor-widget-gallery\" data-id=\"491ab7f\" data-element_type=\"widget\" data-settings=\"{&quot;lazyload&quot;:&quot;yes&quot;,&quot;gallery_layout&quot;:&quot;grid&quot;,&quot;columns&quot;:4,&quot;columns_tablet&quot;:2,&quot;columns_mobile&quot;:1,&quot;gap&quot;:{&quot;unit&quot;:&quot;px&quot;,&quot;size&quot;:10,&quot;sizes&quot;:[]},&quot;gap_tablet&quot;:{&quot;unit&quot;:&quot;px&quot;,&quot;size&quot;:10,&quot;sizes&quot;:[]},&quot;gap_mobile&quot;:{&quot;unit&quot;:&quot;px&quot;,&quot;size&quot;:10,&quot;sizes&quot;:[]},&quot;link_to&quot;:&quot;file&quot;,&quot;aspect_ratio&quot;:&quot;3:2&quot;,&quot;content_hover_animation&quot;:&quot;fade-in&quot;}\" data-widget_type=\"gallery.default\">\n\t\t\t\t<div class=\"elementor-widget-container\">\n\t\t\t\t\t\t\t<div class=\"elementor-gallery__container\">\n\t\t\t\t\t\t\t<a class=\"e-gallery-item elementor-gallery-item elementor-animated-content\" href=\"https:\/\/thepolicycheck.com\/wp-content\/uploads\/2025\/05\/Imagen-de-WhatsApp-2025-05-13-a-las-14.53.31_9139b01a.jpg\" data-elementor-open-lightbox=\"yes\" data-elementor-lightbox-slideshow=\"491ab7f\" data-elementor-lightbox-title=\"Imagen de WhatsApp 2025-05-13 a las 14.53.31_9139b01a\" data-e-action-hash=\"#elementor-action%3Aaction%3Dlightbox%26settings%3DeyJpZCI6MjY5LCJ1cmwiOiJodHRwczpcL1wvdGhlcG9saWN5Y2hlY2suY29tXC93cC1jb250ZW50XC91cGxvYWRzXC8yMDI1XC8wNVwvSW1hZ2VuLWRlLVdoYXRzQXBwLTIwMjUtMDUtMTMtYS1sYXMtMTQuNTMuMzFfOTEzOWIwMWEuanBnIiwic2xpZGVzaG93IjoiNDkxYWI3ZiJ9\">\n\t\t\t\t\t<div class=\"e-gallery-image elementor-gallery-item__image\" data-thumbnail=\"https:\/\/thepolicycheck.com\/wp-content\/uploads\/2025\/05\/Imagen-de-WhatsApp-2025-05-13-a-las-14.53.31_9139b01a-238x300.jpg\" data-width=\"238\" data-height=\"300\" aria-label=\"\" role=\"img\" ><\/div>\n\t\t\t\t\t\t\t\t\t\t\t\t\t\t<\/a>\n\t\t\t\t\t\t\t<a class=\"e-gallery-item elementor-gallery-item elementor-animated-content\" href=\"https:\/\/thepolicycheck.com\/wp-content\/uploads\/2025\/05\/Imagen-de-WhatsApp-2025-05-13-a-las-14.54.45_23cdd5ad.jpg\" data-elementor-open-lightbox=\"yes\" data-elementor-lightbox-slideshow=\"491ab7f\" data-elementor-lightbox-title=\"Imagen de WhatsApp 2025-05-13 a las 14.54.45_23cdd5ad\" data-e-action-hash=\"#elementor-action%3Aaction%3Dlightbox%26settings%3DeyJpZCI6MjcwLCJ1cmwiOiJodHRwczpcL1wvdGhlcG9saWN5Y2hlY2suY29tXC93cC1jb250ZW50XC91cGxvYWRzXC8yMDI1XC8wNVwvSW1hZ2VuLWRlLVdoYXRzQXBwLTIwMjUtMDUtMTMtYS1sYXMtMTQuNTQuNDVfMjNjZGQ1YWQuanBnIiwic2xpZGVzaG93IjoiNDkxYWI3ZiJ9\">\n\t\t\t\t\t<div class=\"e-gallery-image elementor-gallery-item__image\" data-thumbnail=\"https:\/\/thepolicycheck.com\/wp-content\/uploads\/2025\/05\/Imagen-de-WhatsApp-2025-05-13-a-las-14.54.45_23cdd5ad-246x300.jpg\" data-width=\"246\" data-height=\"300\" aria-label=\"\" role=\"img\" ><\/div>\n\t\t\t\t\t\t\t\t\t\t\t\t\t\t<\/a>\n\t\t\t\t\t<\/div>\n\t\t\t\t\t<\/div>\n\t\t\t\t<\/div>\n\t\t\t\t<div class=\"elementor-element elementor-element-e1af252 elementor-widget elementor-widget-menu-anchor\" data-id=\"e1af252\" data-element_type=\"widget\" data-widget_type=\"menu-anchor.default\">\n\t\t\t\t<div class=\"elementor-widget-container\">\n\t\t\t\t\t\t\t<div class=\"elementor-menu-anchor\" id=\"Damage\"><\/div>\n\t\t\t\t\t\t<\/div>\n\t\t\t\t<\/div>\n\t\t\t\t<div class=\"elementor-element elementor-element-7e09b8a elementor-widget elementor-widget-heading\" data-id=\"7e09b8a\" data-element_type=\"widget\" data-widget_type=\"heading.default\">\n\t\t\t\t<div class=\"elementor-widget-container\">\n\t\t\t\t\t<h2 class=\"elementor-heading-title elementor-size-default\">Foto de da\u00f1os<\/h2>\t\t\t\t<\/div>\n\t\t\t\t<\/div>\n\t\t\t\t<div class=\"elementor-element elementor-element-2af925f elementor-widget elementor-widget-gallery\" data-id=\"2af925f\" data-element_type=\"widget\" data-settings=\"{&quot;lazyload&quot;:&quot;yes&quot;,&quot;gallery_layout&quot;:&quot;grid&quot;,&quot;columns&quot;:4,&quot;columns_tablet&quot;:2,&quot;columns_mobile&quot;:1,&quot;gap&quot;:{&quot;unit&quot;:&quot;px&quot;,&quot;size&quot;:10,&quot;sizes&quot;:[]},&quot;gap_tablet&quot;:{&quot;unit&quot;:&quot;px&quot;,&quot;size&quot;:10,&quot;sizes&quot;:[]},&quot;gap_mobile&quot;:{&quot;unit&quot;:&quot;px&quot;,&quot;size&quot;:10,&quot;sizes&quot;:[]},&quot;link_to&quot;:&quot;file&quot;,&quot;aspect_ratio&quot;:&quot;3:2&quot;,&quot;content_hover_animation&quot;:&quot;fade-in&quot;}\" data-widget_type=\"gallery.default\">\n\t\t\t\t<div class=\"elementor-widget-container\">\n\t\t\t\t\t\t\t<div class=\"elementor-gallery__container\">\n\t\t\t\t\t\t\t<a class=\"e-gallery-item elementor-gallery-item elementor-animated-content\" href=\"https:\/\/thepolicycheck.com\/wp-content\/uploads\/2025\/05\/bathroom-damage-2.jpg\" data-elementor-open-lightbox=\"yes\" data-elementor-lightbox-slideshow=\"2af925f\" data-elementor-lightbox-title=\"bathroom damage 2\" data-e-action-hash=\"#elementor-action%3Aaction%3Dlightbox%26settings%3DeyJpZCI6MTI3LCJ1cmwiOiJodHRwczpcL1wvdGhlcG9saWN5Y2hlY2suY29tXC93cC1jb250ZW50XC91cGxvYWRzXC8yMDI1XC8wNVwvYmF0aHJvb20tZGFtYWdlLTIuanBnIiwic2xpZGVzaG93IjoiMmFmOTI1ZiJ9\">\n\t\t\t\t\t<div class=\"e-gallery-image elementor-gallery-item__image\" data-thumbnail=\"https:\/\/thepolicycheck.com\/wp-content\/uploads\/2025\/05\/bathroom-damage-2-300x225.jpg\" data-width=\"300\" data-height=\"225\" aria-label=\"\" role=\"img\" ><\/div>\n\t\t\t\t\t\t\t\t\t\t\t\t\t\t<\/a>\n\t\t\t\t\t\t\t<a class=\"e-gallery-item elementor-gallery-item elementor-animated-content\" href=\"https:\/\/thepolicycheck.com\/wp-content\/uploads\/2025\/05\/bathroom-damage.jpg\" data-elementor-open-lightbox=\"yes\" data-elementor-lightbox-slideshow=\"2af925f\" data-elementor-lightbox-title=\"bathroom damage\" data-e-action-hash=\"#elementor-action%3Aaction%3Dlightbox%26settings%3DeyJpZCI6MTI1LCJ1cmwiOiJodHRwczpcL1wvdGhlcG9saWN5Y2hlY2suY29tXC93cC1jb250ZW50XC91cGxvYWRzXC8yMDI1XC8wNVwvYmF0aHJvb20tZGFtYWdlLmpwZyIsInNsaWRlc2hvdyI6IjJhZjkyNWYifQ%3D%3D\">\n\t\t\t\t\t<div class=\"e-gallery-image elementor-gallery-item__image\" data-thumbnail=\"https:\/\/thepolicycheck.com\/wp-content\/uploads\/2025\/05\/bathroom-damage-300x225.jpg\" data-width=\"300\" data-height=\"225\" aria-label=\"\" role=\"img\" ><\/div>\n\t\t\t\t\t\t\t\t\t\t\t\t\t\t<\/a>\n\t\t\t\t\t\t\t<a class=\"e-gallery-item elementor-gallery-item elementor-animated-content\" href=\"https:\/\/thepolicycheck.com\/wp-content\/uploads\/2025\/05\/damage.jpg\" data-elementor-open-lightbox=\"yes\" data-elementor-lightbox-slideshow=\"2af925f\" data-elementor-lightbox-title=\"damage\" data-e-action-hash=\"#elementor-action%3Aaction%3Dlightbox%26settings%3DeyJpZCI6MTI2LCJ1cmwiOiJodHRwczpcL1wvdGhlcG9saWN5Y2hlY2suY29tXC93cC1jb250ZW50XC91cGxvYWRzXC8yMDI1XC8wNVwvZGFtYWdlLmpwZyIsInNsaWRlc2hvdyI6IjJhZjkyNWYifQ%3D%3D\">\n\t\t\t\t\t<div class=\"e-gallery-image elementor-gallery-item__image\" data-thumbnail=\"https:\/\/thepolicycheck.com\/wp-content\/uploads\/2025\/05\/damage-300x225.jpg\" data-width=\"300\" data-height=\"225\" aria-label=\"\" role=\"img\" ><\/div>\n\t\t\t\t\t\t\t\t\t\t\t\t\t\t<\/a>\n\t\t\t\t\t\t\t<a class=\"e-gallery-item elementor-gallery-item elementor-animated-content\" href=\"https:\/\/thepolicycheck.com\/wp-content\/uploads\/2025\/05\/bathroom-damage-4.jpg\" data-elementor-open-lightbox=\"yes\" data-elementor-lightbox-slideshow=\"2af925f\" data-elementor-lightbox-title=\"bathroom damage 4\" data-e-action-hash=\"#elementor-action%3Aaction%3Dlightbox%26settings%3DeyJpZCI6MTI4LCJ1cmwiOiJodHRwczpcL1wvdGhlcG9saWN5Y2hlY2suY29tXC93cC1jb250ZW50XC91cGxvYWRzXC8yMDI1XC8wNVwvYmF0aHJvb20tZGFtYWdlLTQuanBnIiwic2xpZGVzaG93IjoiMmFmOTI1ZiJ9\">\n\t\t\t\t\t<div class=\"e-gallery-image elementor-gallery-item__image\" data-thumbnail=\"https:\/\/thepolicycheck.com\/wp-content\/uploads\/2025\/05\/bathroom-damage-4-300x225.jpg\" data-width=\"300\" data-height=\"225\" aria-label=\"\" role=\"img\" ><\/div>\n\t\t\t\t\t\t\t\t\t\t\t\t\t\t<\/a>\n\t\t\t\t\t\t\t<a class=\"e-gallery-item elementor-gallery-item elementor-animated-content\" href=\"https:\/\/thepolicycheck.com\/wp-content\/uploads\/2025\/05\/bathroom-damage-3.jpg\" data-elementor-open-lightbox=\"yes\" data-elementor-lightbox-slideshow=\"2af925f\" data-elementor-lightbox-title=\"bathroom damage 3\" data-e-action-hash=\"#elementor-action%3Aaction%3Dlightbox%26settings%3DeyJpZCI6MTI0LCJ1cmwiOiJodHRwczpcL1wvdGhlcG9saWN5Y2hlY2suY29tXC93cC1jb250ZW50XC91cGxvYWRzXC8yMDI1XC8wNVwvYmF0aHJvb20tZGFtYWdlLTMuanBnIiwic2xpZGVzaG93IjoiMmFmOTI1ZiJ9\">\n\t\t\t\t\t<div class=\"e-gallery-image elementor-gallery-item__image\" data-thumbnail=\"https:\/\/thepolicycheck.com\/wp-content\/uploads\/2025\/05\/bathroom-damage-3-300x225.jpg\" data-width=\"300\" data-height=\"225\" aria-label=\"\" role=\"img\" ><\/div>\n\t\t\t\t\t\t\t\t\t\t\t\t\t\t<\/a>\n\t\t\t\t\t\t\t<a class=\"e-gallery-item elementor-gallery-item elementor-animated-content\" href=\"https:\/\/thepolicycheck.com\/wp-content\/uploads\/2025\/05\/bathroom-damage-5.jpg\" data-elementor-open-lightbox=\"yes\" data-elementor-lightbox-slideshow=\"2af925f\" data-elementor-lightbox-title=\"bathroom damage 5\" data-e-action-hash=\"#elementor-action%3Aaction%3Dlightbox%26settings%3DeyJpZCI6MTI5LCJ1cmwiOiJodHRwczpcL1wvdGhlcG9saWN5Y2hlY2suY29tXC93cC1jb250ZW50XC91cGxvYWRzXC8yMDI1XC8wNVwvYmF0aHJvb20tZGFtYWdlLTUuanBnIiwic2xpZGVzaG93IjoiMmFmOTI1ZiJ9\">\n\t\t\t\t\t<div class=\"e-gallery-image elementor-gallery-item__image\" data-thumbnail=\"https:\/\/thepolicycheck.com\/wp-content\/uploads\/2025\/05\/bathroom-damage-5-300x225.jpg\" data-width=\"300\" data-height=\"225\" aria-label=\"\" role=\"img\" ><\/div>\n\t\t\t\t\t\t\t\t\t\t\t\t\t\t<\/a>\n\t\t\t\t\t\t\t<a class=\"e-gallery-item elementor-gallery-item elementor-animated-content\" href=\"https:\/\/thepolicycheck.com\/wp-content\/uploads\/2025\/05\/room-damage.jpg\" data-elementor-open-lightbox=\"yes\" data-elementor-lightbox-slideshow=\"2af925f\" data-elementor-lightbox-title=\"room damage\" data-e-action-hash=\"#elementor-action%3Aaction%3Dlightbox%26settings%3DeyJpZCI6MTMxLCJ1cmwiOiJodHRwczpcL1wvdGhlcG9saWN5Y2hlY2suY29tXC93cC1jb250ZW50XC91cGxvYWRzXC8yMDI1XC8wNVwvcm9vbS1kYW1hZ2UuanBnIiwic2xpZGVzaG93IjoiMmFmOTI1ZiJ9\">\n\t\t\t\t\t<div class=\"e-gallery-image elementor-gallery-item__image\" data-thumbnail=\"https:\/\/thepolicycheck.com\/wp-content\/uploads\/2025\/05\/room-damage-300x225.jpg\" data-width=\"300\" data-height=\"225\" aria-label=\"\" role=\"img\" ><\/div>\n\t\t\t\t\t\t\t\t\t\t\t\t\t\t<\/a>\n\t\t\t\t\t<\/div>\n\t\t\t\t\t<\/div>\n\t\t\t\t<\/div>\n\t\t\t\t\t<\/div>\n\t\t\t\t<\/div>\n\t\t\t\t<\/div>","protected":false},"excerpt":{"rendered":"<p>P\u00f3liza de seguro Nota: esta p\u00f3liza de seguro son ejemplos, debe cargar todas las p\u00e1ginas de su p\u00f3liza de seguro en archivo PDF o archivo de im\u00e1genes Da\u00f1os Foto<\/p>","protected":false},"author":1,"featured_media":0,"parent":0,"menu_order":0,"comment_status":"closed","ping_status":"closed","template":"","meta":{"footnotes":""},"class_list":["post-117","page","type-page","status-publish","hentry"],"_links":{"self":[{"href":"https:\/\/thepolicycheck.com\/es\/wp-json\/wp\/v2\/pages\/117","targetHints":{"allow":["GET"]}}],"collection":[{"href":"https:\/\/thepolicycheck.com\/es\/wp-json\/wp\/v2\/pages"}],"about":[{"href":"https:\/\/thepolicycheck.com\/es\/wp-json\/wp\/v2\/types\/page"}],"author":[{"embeddable":true,"href":"https:\/\/thepolicycheck.com\/es\/wp-json\/wp\/v2\/users\/1"}],"replies":[{"embeddable":true,"href":"https:\/\/thepolicycheck.com\/es\/wp-json\/wp\/v2\/comments?post=117"}],"version-history":[{"count":13,"href":"https:\/\/thepolicycheck.com\/es\/wp-json\/wp\/v2\/pages\/117\/revisions"}],"predecessor-version":[{"id":276,"href":"https:\/\/thepolicycheck.com\/es\/wp-json\/wp\/v2\/pages\/117\/revisions\/276"}],"wp:attachment":[{"href":"https:\/\/thepolicycheck.com\/es\/wp-json\/wp\/v2\/media?parent=117"}],"curies":[{"name":"wp","href":"https:\/\/api.w.org\/{rel}","templated":true}]}}