{"id":100,"date":"2025-05-04T22:07:26","date_gmt":"2025-05-04T22:07:26","guid":{"rendered":"https:\/\/thepolicycheck.com\/?page_id=100"},"modified":"2025-05-14T13:48:17","modified_gmt":"2025-05-14T13:48:17","slug":"terms-and-conditions-of-use-thepolicycheck-com","status":"publish","type":"page","link":"https:\/\/thepolicycheck.com\/es\/terms-and-conditions-of-use-thepolicycheck-com\/","title":{"rendered":"CONDICIONES DE USO - THEPOLICYCHECK.COM"},"content":{"rendered":"<div data-elementor-type=\"wp-page\" data-elementor-id=\"100\" class=\"elementor elementor-100\" data-elementor-post-type=\"page\">\n\t\t\t\t<div class=\"elementor-element elementor-element-5b9daf5 e-flex e-con-boxed e-con e-parent\" data-id=\"5b9daf5\" data-element_type=\"container\">\n\t\t\t\t\t<div class=\"e-con-inner\">\n\t\t\t\t<div class=\"elementor-element elementor-element-ba77656 elementor-widget elementor-widget-text-editor\" data-id=\"ba77656\" data-element_type=\"widget\" data-widget_type=\"text-editor.default\">\n\t\t\t\t<div class=\"elementor-widget-container\">\n\t\t\t\t\t\t\t\t\t<p>\u00a0<\/p><h1><strong>CONDICIONES DE USO - THEPOLICYCHECK.COM<\/strong><\/h1><ol><li><p><strong>Aceptaci\u00f3n de las condiciones<\/strong><br \/>Al acceder y utilizar ThePolicyCheck.com (en adelante, \"la Plataforma\"), acepta someterse a las presentes Condiciones Generales. Si no est\u00e1 de acuerdo con ellos, abst\u00e9ngase de utilizar nuestros servicios.<\/p><\/li><li><p><strong>Finalidad educativa y preventiva<\/strong><br \/>El objetivo principal de ThePolicyCheck.com es educar y guiar a los usuarios, ayud\u00e1ndoles a comprender mejor su p\u00f3liza de seguro y los posibles resultados de presentar una reclamaci\u00f3n por da\u00f1os. Pretendemos proteger a los consumidores de estafas, consejos enga\u00f1osos y personas sin licencia, proporcionando informaci\u00f3n clara y objetiva que respalde decisiones informadas antes de contratar a un profesional o iniciar una reclamaci\u00f3n.<\/p><\/li><li><p><strong>Descripci\u00f3n del servicio<\/strong><br \/>ThePolicyCheck.com ofrece un an\u00e1lisis gratuito de las p\u00f3lizas de seguro enviadas por los usuarios y de los da\u00f1os notificados para proporcionar un valor potencial de la reclamaci\u00f3n. Si se solicita, tambi\u00e9n ponemos en contacto a los usuarios con profesionales independientes, como peritos p\u00fablicos o abogados.<\/p><\/li><li><p><strong>Uso permitido<\/strong><br \/>Al utilizar esta Plataforma, usted acepta:<br \/>a) Utilizar la Plataforma \u00fanicamente con fines personales y no comerciales.<br \/>b) Proporcionar informaci\u00f3n precisa y completa.<br \/>c) Evitar el uso automatizado, excesivo o fraudulento de la Plataforma.<br \/>d) Abstenerse de presentar solicitudes de an\u00e1lisis repetitivas o infundadas.<\/p><\/li><li><p><strong>Limitaci\u00f3n de responsabilidad<\/strong><br \/>ThePolicyCheck.com no garantiza la exactitud, integridad o resultado de ning\u00fan an\u00e1lisis. Toda la informaci\u00f3n se proporciona \u00fanicamente con fines informativos y no constituye asesoramiento jur\u00eddico ni una determinaci\u00f3n de cobertura por parte de ninguna compa\u00f1\u00eda de seguros.<\/p><\/li><li><p><strong>Restricciones<\/strong><br \/>Queda terminantemente prohibido:<br \/>a) Copiar, distribuir o vender cualquier contenido de la Plataforma.<br \/>b) Interferir en el funcionamiento del sitio o intentar violar su seguridad.<br \/>c) Utilizar el servicio con identidades falsas o en nombre de terceros sin la debida autorizaci\u00f3n.<\/p><\/li><li><p><strong>Modificaci\u00f3n y cancelaci\u00f3n del servicio<\/strong><br \/>ThePolicyCheck.com se reserva el derecho de suspender, limitar o cancelar el acceso a cualquier usuario que infrinja estas condiciones o haga un mal uso de la Plataforma, sin previo aviso.<\/p><\/li><li><p><strong>Protecci\u00f3n de datos<\/strong><br \/>Al utilizar la Plataforma, usted acepta nuestra [Pol\u00edtica de privacidad] y nos autoriza a almacenar y utilizar su informaci\u00f3n con el \u00fanico fin de prestar el servicio solicitado. Con su consentimiento, tambi\u00e9n podremos ponerle en contacto con profesionales independientes.<\/p><\/li><li><p><strong>Modificaci\u00f3n de las condiciones<\/strong><br \/>Estas Condiciones pueden ser actualizadas en cualquier momento. El uso continuado de la Plataforma implica la aceptaci\u00f3n de cualquier modificaci\u00f3n.<\/p><\/li><li><p><strong>Derecho aplicable<\/strong><br \/>Estas Condiciones se regir\u00e1n e interpretar\u00e1n con arreglo a las leyes del Estado de Florida, Estados Unidos.<\/p><\/li><\/ol>\t\t\t\t\t\t\t\t<\/div>\n\t\t\t\t<\/div>\n\t\t\t\t\t<\/div>\n\t\t\t\t<\/div>\n\t\t\t\t<\/div>","protected":false},"excerpt":{"rendered":"<p>\u00a0 T\u00c9RMINOS Y CONDICIONES DE USO - THEPOLICYCHECK.COM Aceptaci\u00f3n de los t\u00e9rminosAl acceder y utilizar ThePolicyCheck.com (en adelante, \"la Plataforma\"), usted acepta quedar vinculado por los presentes T\u00e9rminos y Condiciones. Si no est\u00e1 de acuerdo con ellos, le rogamos que se abstenga de utilizar nuestros servicios. Prop\u00f3sito educativo y preventivoEl objetivo principal de ThePolicyCheck.com es educar y [...]<\/p>","protected":false},"author":1,"featured_media":0,"parent":0,"menu_order":0,"comment_status":"closed","ping_status":"closed","template":"","meta":{"footnotes":""},"class_list":["post-100","page","type-page","status-publish","hentry"],"_links":{"self":[{"href":"https:\/\/thepolicycheck.com\/es\/wp-json\/wp\/v2\/pages\/100","targetHints":{"allow":["GET"]}}],"collection":[{"href":"https:\/\/thepolicycheck.com\/es\/wp-json\/wp\/v2\/pages"}],"about":[{"href":"https:\/\/thepolicycheck.com\/es\/wp-json\/wp\/v2\/types\/page"}],"author":[{"embeddable":true,"href":"https:\/\/thepolicycheck.com\/es\/wp-json\/wp\/v2\/users\/1"}],"replies":[{"embeddable":true,"href":"https:\/\/thepolicycheck.com\/es\/wp-json\/wp\/v2\/comments?post=100"}],"version-history":[{"count":7,"href":"https:\/\/thepolicycheck.com\/es\/wp-json\/wp\/v2\/pages\/100\/revisions"}],"predecessor-version":[{"id":286,"href":"https:\/\/thepolicycheck.com\/es\/wp-json\/wp\/v2\/pages\/100\/revisions\/286"}],"wp:attachment":[{"href":"https:\/\/thepolicycheck.com\/es\/wp-json\/wp\/v2\/media?parent=100"}],"curies":[{"name":"wp","href":"https:\/\/api.w.org\/{rel}","templated":true}]}}